{"id":630,"date":"2024-03-01T14:11:21","date_gmt":"2024-03-01T14:11:21","guid":{"rendered":"https:\/\/ozoknits.com\/en\/?post_type=product&#038;p=630"},"modified":"2025-12-21T14:09:13","modified_gmt":"2025-12-21T12:09:13","slug":"hooded-scarf","status":"publish","type":"product","link":"https:\/\/ozoknits.com\/en\/product\/hooded-scarf\/","title":{"rendered":"Hooded Scarf Knitting Pattern &#8211; PDF"},"content":{"rendered":"<p data-start=\"53\" data-end=\"124\">The first thing that comes to mind about this cold-weather accessory:<\/p>\n<ul>\n<li data-start=\"126\" data-end=\"500\">It\u2019s definitely worth knitting for yourself!<\/li>\n<li data-start=\"126\" data-end=\"500\">The softness and warmth of alpaca yarn is indescribable.<\/li>\n<li data-start=\"126\" data-end=\"500\">The hooded scarf is light and comfortable, even during the busiest days. And I say this as a mom who sometimes doesn\u2019t even have time to zip up her jacket. \ud83d\ude48<\/li>\n<li data-start=\"126\" data-end=\"500\">It fits perfectly into both everyday wardrobes and paired with a classic coat with a \u201cV\u201d-shaped neckline.<\/li>\n<\/ul>\n<p>In this guide, you will learn how to knit this hooded scarf in stockinette stitch with a lining, as well as what materials are necessary to make it.<\/p>\n<p>Difficulty level &#8211; intermediate.<\/p>\n<p>Recommended skills: magic loop technique, knitting and purling, increasing and decreasing, grafting technique.<\/p>\n<p>Video tutorials are available for all stages of the work.<\/p>\n<p>Recommended yarn:<\/p>\n<ul>\n<li>Basic yarn (A) = Drops Air + Drops Brushed Alpaca Silk, held together, for the hood and collar.<\/li>\n<li>Drops Air (Aran, 8 wpi), 65% Alpaca, 28% Polyamide, 7% Wool; 50 g = approx 150 m \/ 165 yards<\/li>\n<li>Drops Brushed Alpaca Silk (Aran, 8 wpi), 77% Alpaca, 23% Silk; 25 g = approx 140 m \/ 155 yards<\/li>\n<li>Yarn (B) = Drops Air single strand for the lining and I-cord.<\/li>\n<\/ul>\n<p>Amount of yarn used in the sample:<\/p>\n<ul>\n<li>A &#8211; Green Drops Air 3pcs, ~120 g \/ 180 m \/ 200 yards<\/li>\n<li>A &#8211; Green Brushed Alpaca Silk 2pcs, ~65 g \/ 100 m \/ 110 yards<\/li>\n<li>B &#8211; Gray Drops Air 2pcs, ~60 g \/ 90 m \/ 100 yards<\/li>\n<\/ul>\n<p>Additional tools needed:<\/p>\n<ul>\n<li>Circular needles (cord length 80 cm \/ 32 in)<\/li>\n<li>main needles:\n<ul>\n<li>5 mm (UK size 6, US size 8)<\/li>\n<li>4.5 mm (UK size 7, US size 7)<\/li>\n<li>4 mm (UK size 8, US size 6)<\/li>\n<\/ul>\n<\/li>\n<li>Stitch markers<\/li>\n<li>Scissors<\/li>\n<li>Contrast color yarn &#8211; approximately the same thickness as the main yarn for crocheting the braid (preferably stiffer yarn to make it easier to unpick the braid afterward). Additionally, you will need a scrap yarn or stitch holder.<\/li>\n<li>Measuring tape<\/li>\n<li>Tapestry needle for sewing knitting\/weaving in the ends<\/li>\n<li>Crochet needle ~6.0 mm (UK size 4, US size 10)<\/li>\n<li>Row counter (optional)<\/li>\n<\/ul>\n<p>Gauge: (after washing)<br \/>\n10&#215;10 cm = 16sts, 25 rows in Stockinette stitch<br \/>\nSample is made with yarn A and a needle size 5 mm (UK size 6, US size 8).<\/p>\n","protected":false},"excerpt":{"rendered":"<p data-start=\"53\" data-end=\"176\"><strong data-start=\"53\" data-end=\"67\">ATTENTION!<\/strong> This is a digital file. You will receive a PDF with all the information you need to knit the hooded scarf!<\/p>\n<ul>\n<li data-start=\"180\" data-end=\"203\">Light and comfortable<\/li>\n<li data-start=\"206\" data-end=\"221\">Modern design<\/li>\n<li data-start=\"224\" data-end=\"235\">Very warm<\/li>\n<li data-start=\"238\" data-end=\"245\">Lined<\/li>\n<li data-start=\"248\" data-end=\"279\">Intermediate difficulty level<\/li>\n<li data-start=\"282\" data-end=\"308\">Includes video tutorials<\/li>\n<\/ul>\n<p data-start=\"310\" data-end=\"568\" data-is-only-node=\"\">This pattern is suitable for knitters with basic skills. Recommended skills include: knitting with the magic loop technique, knitting knit and purl stitches, increasing\/decreasing stitches, and sewing the piece together using the \u201cstitch-to-stitch\u201d method.<\/p>\n","protected":false},"featured_media":632,"comment_status":"open","ping_status":"closed","template":"","meta":[],"product_brand":[],"product_cat":[34],"product_tag":[40],"class_list":{"0":"post-630","1":"product","2":"type-product","3":"status-publish","4":"has-post-thumbnail","6":"product_cat-knitting-patterns","7":"product_tag-paid","9":"first","10":"instock","11":"downloadable","12":"virtual","13":"purchasable","14":"product-type-simple"},"yoast_head":"<!-- This site is optimized with the Yoast SEO plugin v27.2 - https:\/\/yoast.com\/product\/yoast-seo-wordpress\/ -->\n<title>Hooded Scarf Knitting Pattern - PDF - Ozoknits<\/title>\n<meta name=\"robots\" content=\"index, follow, max-snippet:-1, max-image-preview:large, max-video-preview:-1\" \/>\n<link rel=\"canonical\" href=\"https:\/\/ozoknits.com\/en\/product\/hooded-scarf\/\" \/>\n<meta property=\"og:locale\" content=\"en_US\" \/>\n<meta property=\"og:type\" content=\"article\" \/>\n<meta property=\"og:title\" content=\"Hooded Scarf Knitting Pattern - PDF - Ozoknits\" \/>\n<meta property=\"og:description\" content=\"ATTENTION! This is a digital file. You will receive a PDF with all the information you need to knit the hooded scarf!    Light and comfortable  Modern design  Very warm  Lined  Intermediate difficulty level  Includes video tutorials  This pattern is suitable for knitters with basic skills. Recommended skills include: knitting with the magic loop technique, knitting knit and purl stitches, increasing\/decreasing stitches, and sewing the piece together using the \u201cstitch-to-stitch\u201d method.\" \/>\n<meta property=\"og:url\" content=\"https:\/\/ozoknits.com\/en\/product\/hooded-scarf\/\" \/>\n<meta property=\"og:site_name\" content=\"Ozoknits\" \/>\n<meta property=\"article:modified_time\" content=\"2025-12-21T12:09:13+00:00\" \/>\n<meta property=\"og:image\" content=\"https:\/\/ozoknits.com\/en\/wp-content\/uploads\/sites\/3\/2024\/02\/IMG-12.jpg\" \/>\n\t<meta property=\"og:image:width\" content=\"1130\" \/>\n\t<meta property=\"og:image:height\" content=\"1073\" \/>\n\t<meta property=\"og:image:type\" content=\"image\/jpeg\" \/>\n<meta name=\"twitter:card\" content=\"summary_large_image\" \/>\n<meta name=\"twitter:label1\" content=\"Est. reading time\" \/>\n\t<meta name=\"twitter:data1\" content=\"2 minutes\" \/>\n<script type=\"application\/ld+json\" class=\"yoast-schema-graph\">{\"@context\":\"https:\/\/schema.org\",\"@graph\":[{\"@type\":\"WebPage\",\"@id\":\"https:\/\/ozoknits.com\/en\/product\/hooded-scarf\/\",\"url\":\"https:\/\/ozoknits.com\/en\/product\/hooded-scarf\/\",\"name\":\"Hooded Scarf Knitting Pattern - PDF - Ozoknits\",\"isPartOf\":{\"@id\":\"https:\/\/ozoknits.com\/en\/#website\"},\"primaryImageOfPage\":{\"@id\":\"https:\/\/ozoknits.com\/en\/product\/hooded-scarf\/#primaryimage\"},\"image\":{\"@id\":\"https:\/\/ozoknits.com\/en\/product\/hooded-scarf\/#primaryimage\"},\"thumbnailUrl\":\"https:\/\/ozoknits.com\/en\/wp-content\/uploads\/sites\/3\/2024\/02\/IMG-12.jpg\",\"datePublished\":\"2024-03-01T14:11:21+00:00\",\"dateModified\":\"2025-12-21T12:09:13+00:00\",\"breadcrumb\":{\"@id\":\"https:\/\/ozoknits.com\/en\/product\/hooded-scarf\/#breadcrumb\"},\"inLanguage\":\"en-US\",\"potentialAction\":[{\"@type\":\"ReadAction\",\"target\":[\"https:\/\/ozoknits.com\/en\/product\/hooded-scarf\/\"]}]},{\"@type\":\"ImageObject\",\"inLanguage\":\"en-US\",\"@id\":\"https:\/\/ozoknits.com\/en\/product\/hooded-scarf\/#primaryimage\",\"url\":\"https:\/\/ozoknits.com\/en\/wp-content\/uploads\/sites\/3\/2024\/02\/IMG-12.jpg\",\"contentUrl\":\"https:\/\/ozoknits.com\/en\/wp-content\/uploads\/sites\/3\/2024\/02\/IMG-12.jpg\",\"width\":1130,\"height\":1073,\"caption\":\"Ozoknits kapu\u010d\u0161alles ad\u012b\u0161anas apraksts\"},{\"@type\":\"BreadcrumbList\",\"@id\":\"https:\/\/ozoknits.com\/en\/product\/hooded-scarf\/#breadcrumb\",\"itemListElement\":[{\"@type\":\"ListItem\",\"position\":1,\"name\":\"Home\",\"item\":\"https:\/\/ozoknits.com\/en\/\"},{\"@type\":\"ListItem\",\"position\":2,\"name\":\"Knitting Patterns\",\"item\":\"https:\/\/ozoknits.com\/en\/knitting-patterns\/\"},{\"@type\":\"ListItem\",\"position\":3,\"name\":\"Hooded Scarf Knitting Pattern &#8211; PDF\"}]},{\"@type\":\"WebSite\",\"@id\":\"https:\/\/ozoknits.com\/en\/#website\",\"url\":\"https:\/\/ozoknits.com\/en\/\",\"name\":\"Ozoknits\",\"description\":\"\",\"publisher\":{\"@id\":\"https:\/\/ozoknits.com\/en\/#organization\"},\"potentialAction\":[{\"@type\":\"SearchAction\",\"target\":{\"@type\":\"EntryPoint\",\"urlTemplate\":\"https:\/\/ozoknits.com\/en\/?s={search_term_string}\"},\"query-input\":{\"@type\":\"PropertyValueSpecification\",\"valueRequired\":true,\"valueName\":\"search_term_string\"}}],\"inLanguage\":\"en-US\"},{\"@type\":\"Organization\",\"@id\":\"https:\/\/ozoknits.com\/en\/#organization\",\"name\":\"Ozoknits\",\"url\":\"https:\/\/ozoknits.com\/en\/\",\"logo\":{\"@type\":\"ImageObject\",\"inLanguage\":\"en-US\",\"@id\":\"https:\/\/ozoknits.com\/en\/#\/schema\/logo\/image\/\",\"url\":\"https:\/\/ozoknits.com\/en\/wp-content\/uploads\/sites\/3\/2023\/11\/Ozoknits-Logo.png\",\"contentUrl\":\"https:\/\/ozoknits.com\/en\/wp-content\/uploads\/sites\/3\/2023\/11\/Ozoknits-Logo.png\",\"width\":2000,\"height\":300,\"caption\":\"Ozoknits\"},\"image\":{\"@id\":\"https:\/\/ozoknits.com\/en\/#\/schema\/logo\/image\/\"}}]}<\/script>\n<!-- \/ Yoast SEO plugin. -->","yoast_head_json":{"title":"Hooded Scarf Knitting Pattern - PDF - Ozoknits","robots":{"index":"index","follow":"follow","max-snippet":"max-snippet:-1","max-image-preview":"max-image-preview:large","max-video-preview":"max-video-preview:-1"},"canonical":"https:\/\/ozoknits.com\/en\/product\/hooded-scarf\/","og_locale":"en_US","og_type":"article","og_title":"Hooded Scarf Knitting Pattern - PDF - Ozoknits","og_description":"ATTENTION! This is a digital file. You will receive a PDF with all the information you need to knit the hooded scarf!    Light and comfortable  Modern design  Very warm  Lined  Intermediate difficulty level  Includes video tutorials  This pattern is suitable for knitters with basic skills. Recommended skills include: knitting with the magic loop technique, knitting knit and purl stitches, increasing\/decreasing stitches, and sewing the piece together using the \u201cstitch-to-stitch\u201d method.","og_url":"https:\/\/ozoknits.com\/en\/product\/hooded-scarf\/","og_site_name":"Ozoknits","article_modified_time":"2025-12-21T12:09:13+00:00","og_image":[{"width":1130,"height":1073,"url":"https:\/\/ozoknits.com\/en\/wp-content\/uploads\/sites\/3\/2024\/02\/IMG-12.jpg","type":"image\/jpeg"}],"twitter_card":"summary_large_image","twitter_misc":{"Est. reading time":"2 minutes"},"schema":{"@context":"https:\/\/schema.org","@graph":[{"@type":"WebPage","@id":"https:\/\/ozoknits.com\/en\/product\/hooded-scarf\/","url":"https:\/\/ozoknits.com\/en\/product\/hooded-scarf\/","name":"Hooded Scarf Knitting Pattern - PDF - Ozoknits","isPartOf":{"@id":"https:\/\/ozoknits.com\/en\/#website"},"primaryImageOfPage":{"@id":"https:\/\/ozoknits.com\/en\/product\/hooded-scarf\/#primaryimage"},"image":{"@id":"https:\/\/ozoknits.com\/en\/product\/hooded-scarf\/#primaryimage"},"thumbnailUrl":"https:\/\/ozoknits.com\/en\/wp-content\/uploads\/sites\/3\/2024\/02\/IMG-12.jpg","datePublished":"2024-03-01T14:11:21+00:00","dateModified":"2025-12-21T12:09:13+00:00","breadcrumb":{"@id":"https:\/\/ozoknits.com\/en\/product\/hooded-scarf\/#breadcrumb"},"inLanguage":"en-US","potentialAction":[{"@type":"ReadAction","target":["https:\/\/ozoknits.com\/en\/product\/hooded-scarf\/"]}]},{"@type":"ImageObject","inLanguage":"en-US","@id":"https:\/\/ozoknits.com\/en\/product\/hooded-scarf\/#primaryimage","url":"https:\/\/ozoknits.com\/en\/wp-content\/uploads\/sites\/3\/2024\/02\/IMG-12.jpg","contentUrl":"https:\/\/ozoknits.com\/en\/wp-content\/uploads\/sites\/3\/2024\/02\/IMG-12.jpg","width":1130,"height":1073,"caption":"Ozoknits kapu\u010d\u0161alles ad\u012b\u0161anas apraksts"},{"@type":"BreadcrumbList","@id":"https:\/\/ozoknits.com\/en\/product\/hooded-scarf\/#breadcrumb","itemListElement":[{"@type":"ListItem","position":1,"name":"Home","item":"https:\/\/ozoknits.com\/en\/"},{"@type":"ListItem","position":2,"name":"Knitting Patterns","item":"https:\/\/ozoknits.com\/en\/knitting-patterns\/"},{"@type":"ListItem","position":3,"name":"Hooded Scarf Knitting Pattern &#8211; PDF"}]},{"@type":"WebSite","@id":"https:\/\/ozoknits.com\/en\/#website","url":"https:\/\/ozoknits.com\/en\/","name":"Ozoknits","description":"","publisher":{"@id":"https:\/\/ozoknits.com\/en\/#organization"},"potentialAction":[{"@type":"SearchAction","target":{"@type":"EntryPoint","urlTemplate":"https:\/\/ozoknits.com\/en\/?s={search_term_string}"},"query-input":{"@type":"PropertyValueSpecification","valueRequired":true,"valueName":"search_term_string"}}],"inLanguage":"en-US"},{"@type":"Organization","@id":"https:\/\/ozoknits.com\/en\/#organization","name":"Ozoknits","url":"https:\/\/ozoknits.com\/en\/","logo":{"@type":"ImageObject","inLanguage":"en-US","@id":"https:\/\/ozoknits.com\/en\/#\/schema\/logo\/image\/","url":"https:\/\/ozoknits.com\/en\/wp-content\/uploads\/sites\/3\/2023\/11\/Ozoknits-Logo.png","contentUrl":"https:\/\/ozoknits.com\/en\/wp-content\/uploads\/sites\/3\/2023\/11\/Ozoknits-Logo.png","width":2000,"height":300,"caption":"Ozoknits"},"image":{"@id":"https:\/\/ozoknits.com\/en\/#\/schema\/logo\/image\/"}}]}},"_links":{"self":[{"href":"https:\/\/ozoknits.com\/en\/wp-json\/wp\/v2\/product\/630","targetHints":{"allow":["GET"]}}],"collection":[{"href":"https:\/\/ozoknits.com\/en\/wp-json\/wp\/v2\/product"}],"about":[{"href":"https:\/\/ozoknits.com\/en\/wp-json\/wp\/v2\/types\/product"}],"replies":[{"embeddable":true,"href":"https:\/\/ozoknits.com\/en\/wp-json\/wp\/v2\/comments?post=630"}],"wp:featuredmedia":[{"embeddable":true,"href":"https:\/\/ozoknits.com\/en\/wp-json\/wp\/v2\/media\/632"}],"wp:attachment":[{"href":"https:\/\/ozoknits.com\/en\/wp-json\/wp\/v2\/media?parent=630"}],"wp:term":[{"taxonomy":"product_brand","embeddable":true,"href":"https:\/\/ozoknits.com\/en\/wp-json\/wp\/v2\/product_brand?post=630"},{"taxonomy":"product_cat","embeddable":true,"href":"https:\/\/ozoknits.com\/en\/wp-json\/wp\/v2\/product_cat?post=630"},{"taxonomy":"product_tag","embeddable":true,"href":"https:\/\/ozoknits.com\/en\/wp-json\/wp\/v2\/product_tag?post=630"}],"curies":[{"name":"wp","href":"https:\/\/api.w.org\/{rel}","templated":true}]}}