{"id":544,"date":"2023-11-25T15:47:45","date_gmt":"2023-11-25T15:47:45","guid":{"rendered":"https:\/\/ozoknits.com\/en\/?post_type=product&#038;p=544"},"modified":"2025-12-21T14:09:08","modified_gmt":"2025-12-21T12:09:08","slug":"christmas-star-ornament","status":"publish","type":"product","link":"https:\/\/ozoknits.com\/en\/product\/christmas-star-ornament\/","title":{"rendered":"Christmas Star Ornament Knitting Pattern &#8211; PDF"},"content":{"rendered":"<p data-start=\"53\" data-end=\"281\">I\u2019m convinced that the holiday spirit is something we create ourselves. This is a wonderful opportunity to bring a beautiful Christmas anticipation to life by making knitted decorations for yourself or as gifts for loved ones.<\/p>\n<p data-start=\"283\" data-end=\"421\">Knit a set of decorations or add a little star as a gift accent, and this present will surely be at the top of the \u201cspecial gifts\u201d list.<\/p>\n<p data-start=\"423\" data-end=\"475\">Each decoration takes only about ~2 hours to make.<\/p>\n<p data-start=\"477\" data-end=\"532\">A great way to use leftover yarn from other projects.<\/p>\n<p data-start=\"534\" data-end=\"680\"><strong data-start=\"534\" data-end=\"543\">Size:<\/strong><br data-start=\"543\" data-end=\"546\" \/>Approximately 8 cm star \u2013 by adjusting the number of stitches or the thickness of yarn\/needles, you can customize it to your liking.<\/p>\n","protected":false},"excerpt":{"rendered":"<p data-start=\"53\" data-end=\"185\"><strong data-start=\"53\" data-end=\"67\">ATTENTION!<\/strong> This is a digital file. You will receive a PDF with all the information you need to knit this Christmas decoration!<\/p>\n<ul>\n<li data-start=\"189\" data-end=\"251\">Decorate your Christmas tree with unique, handmade ornaments<\/li>\n<li data-start=\"254\" data-end=\"270\">A perfect gift<\/li>\n<li data-start=\"273\" data-end=\"297\">Easy and quick to knit<\/li>\n<li data-start=\"300\" data-end=\"326\">Includes video tutorials<\/li>\n<\/ul>\n","protected":false},"featured_media":546,"comment_status":"open","ping_status":"closed","template":"","meta":[],"product_brand":[],"product_cat":[34],"product_tag":[40],"class_list":{"0":"post-544","1":"product","2":"type-product","3":"status-publish","4":"has-post-thumbnail","6":"product_cat-knitting-patterns","7":"product_tag-paid","9":"first","10":"instock","11":"downloadable","12":"virtual","13":"purchasable","14":"product-type-simple"},"yoast_head":"<!-- This site is optimized with the Yoast SEO plugin v27.2 - https:\/\/yoast.com\/product\/yoast-seo-wordpress\/ -->\n<title>Christmas Star Ornament Knitting Pattern - PDF - Ozoknits<\/title>\n<meta name=\"robots\" content=\"index, follow, max-snippet:-1, max-image-preview:large, max-video-preview:-1\" \/>\n<link rel=\"canonical\" href=\"https:\/\/ozoknits.com\/en\/product\/christmas-star-ornament\/\" \/>\n<meta property=\"og:locale\" content=\"en_US\" \/>\n<meta property=\"og:type\" content=\"article\" \/>\n<meta property=\"og:title\" content=\"Christmas Star Ornament Knitting Pattern - PDF - Ozoknits\" \/>\n<meta property=\"og:description\" content=\"ATTENTION! This is a digital file. You will receive a PDF with all the information you need to knit this Christmas decoration!    Decorate your Christmas tree with unique, handmade ornaments  A perfect gift  Easy and quick to knit  Includes video tutorials\" \/>\n<meta property=\"og:url\" content=\"https:\/\/ozoknits.com\/en\/product\/christmas-star-ornament\/\" \/>\n<meta property=\"og:site_name\" content=\"Ozoknits\" \/>\n<meta property=\"article:modified_time\" content=\"2025-12-21T12:09:08+00:00\" \/>\n<meta property=\"og:image\" content=\"https:\/\/ozoknits.com\/en\/wp-content\/uploads\/sites\/3\/2023\/11\/370077898_376547728235989_2714807416092932604_n.jpg\" \/>\n\t<meta property=\"og:image:width\" content=\"1536\" \/>\n\t<meta property=\"og:image:height\" content=\"2048\" \/>\n\t<meta property=\"og:image:type\" content=\"image\/jpeg\" \/>\n<meta name=\"twitter:card\" content=\"summary_large_image\" \/>\n<meta name=\"twitter:label1\" content=\"Est. reading time\" \/>\n\t<meta name=\"twitter:data1\" content=\"1 minute\" \/>\n<script type=\"application\/ld+json\" class=\"yoast-schema-graph\">{\"@context\":\"https:\/\/schema.org\",\"@graph\":[{\"@type\":\"WebPage\",\"@id\":\"https:\/\/ozoknits.com\/en\/product\/christmas-star-ornament\/\",\"url\":\"https:\/\/ozoknits.com\/en\/product\/christmas-star-ornament\/\",\"name\":\"Christmas Star Ornament Knitting Pattern - PDF - Ozoknits\",\"isPartOf\":{\"@id\":\"https:\/\/ozoknits.com\/en\/#website\"},\"primaryImageOfPage\":{\"@id\":\"https:\/\/ozoknits.com\/en\/product\/christmas-star-ornament\/#primaryimage\"},\"image\":{\"@id\":\"https:\/\/ozoknits.com\/en\/product\/christmas-star-ornament\/#primaryimage\"},\"thumbnailUrl\":\"https:\/\/ozoknits.com\/en\/wp-content\/uploads\/sites\/3\/2023\/11\/370077898_376547728235989_2714807416092932604_n.jpg\",\"datePublished\":\"2023-11-25T15:47:45+00:00\",\"dateModified\":\"2025-12-21T12:09:08+00:00\",\"breadcrumb\":{\"@id\":\"https:\/\/ozoknits.com\/en\/product\/christmas-star-ornament\/#breadcrumb\"},\"inLanguage\":\"en-US\",\"potentialAction\":[{\"@type\":\"ReadAction\",\"target\":[\"https:\/\/ozoknits.com\/en\/product\/christmas-star-ornament\/\"]}]},{\"@type\":\"ImageObject\",\"inLanguage\":\"en-US\",\"@id\":\"https:\/\/ozoknits.com\/en\/product\/christmas-star-ornament\/#primaryimage\",\"url\":\"https:\/\/ozoknits.com\/en\/wp-content\/uploads\/sites\/3\/2023\/11\/370077898_376547728235989_2714807416092932604_n.jpg\",\"contentUrl\":\"https:\/\/ozoknits.com\/en\/wp-content\/uploads\/sites\/3\/2023\/11\/370077898_376547728235989_2714807416092932604_n.jpg\",\"width\":1536,\"height\":2048,\"caption\":\"Ad\u012b\u0161anas apraksts Ziemassv\u0113tku rot\u0101jumam \u2018\u2019Zvaigzne\u2019\u2019\"},{\"@type\":\"BreadcrumbList\",\"@id\":\"https:\/\/ozoknits.com\/en\/product\/christmas-star-ornament\/#breadcrumb\",\"itemListElement\":[{\"@type\":\"ListItem\",\"position\":1,\"name\":\"Home\",\"item\":\"https:\/\/ozoknits.com\/en\/\"},{\"@type\":\"ListItem\",\"position\":2,\"name\":\"Knitting Patterns\",\"item\":\"https:\/\/ozoknits.com\/en\/knitting-patterns\/\"},{\"@type\":\"ListItem\",\"position\":3,\"name\":\"Christmas Star Ornament Knitting Pattern &#8211; PDF\"}]},{\"@type\":\"WebSite\",\"@id\":\"https:\/\/ozoknits.com\/en\/#website\",\"url\":\"https:\/\/ozoknits.com\/en\/\",\"name\":\"Ozoknits\",\"description\":\"\",\"publisher\":{\"@id\":\"https:\/\/ozoknits.com\/en\/#organization\"},\"potentialAction\":[{\"@type\":\"SearchAction\",\"target\":{\"@type\":\"EntryPoint\",\"urlTemplate\":\"https:\/\/ozoknits.com\/en\/?s={search_term_string}\"},\"query-input\":{\"@type\":\"PropertyValueSpecification\",\"valueRequired\":true,\"valueName\":\"search_term_string\"}}],\"inLanguage\":\"en-US\"},{\"@type\":\"Organization\",\"@id\":\"https:\/\/ozoknits.com\/en\/#organization\",\"name\":\"Ozoknits\",\"url\":\"https:\/\/ozoknits.com\/en\/\",\"logo\":{\"@type\":\"ImageObject\",\"inLanguage\":\"en-US\",\"@id\":\"https:\/\/ozoknits.com\/en\/#\/schema\/logo\/image\/\",\"url\":\"https:\/\/ozoknits.com\/en\/wp-content\/uploads\/sites\/3\/2023\/11\/Ozoknits-Logo.png\",\"contentUrl\":\"https:\/\/ozoknits.com\/en\/wp-content\/uploads\/sites\/3\/2023\/11\/Ozoknits-Logo.png\",\"width\":2000,\"height\":300,\"caption\":\"Ozoknits\"},\"image\":{\"@id\":\"https:\/\/ozoknits.com\/en\/#\/schema\/logo\/image\/\"}}]}<\/script>\n<!-- \/ Yoast SEO plugin. -->","yoast_head_json":{"title":"Christmas Star Ornament Knitting Pattern - PDF - Ozoknits","robots":{"index":"index","follow":"follow","max-snippet":"max-snippet:-1","max-image-preview":"max-image-preview:large","max-video-preview":"max-video-preview:-1"},"canonical":"https:\/\/ozoknits.com\/en\/product\/christmas-star-ornament\/","og_locale":"en_US","og_type":"article","og_title":"Christmas Star Ornament Knitting Pattern - PDF - Ozoknits","og_description":"ATTENTION! This is a digital file. You will receive a PDF with all the information you need to knit this Christmas decoration!    Decorate your Christmas tree with unique, handmade ornaments  A perfect gift  Easy and quick to knit  Includes video tutorials","og_url":"https:\/\/ozoknits.com\/en\/product\/christmas-star-ornament\/","og_site_name":"Ozoknits","article_modified_time":"2025-12-21T12:09:08+00:00","og_image":[{"width":1536,"height":2048,"url":"https:\/\/ozoknits.com\/en\/wp-content\/uploads\/sites\/3\/2023\/11\/370077898_376547728235989_2714807416092932604_n.jpg","type":"image\/jpeg"}],"twitter_card":"summary_large_image","twitter_misc":{"Est. reading time":"1 minute"},"schema":{"@context":"https:\/\/schema.org","@graph":[{"@type":"WebPage","@id":"https:\/\/ozoknits.com\/en\/product\/christmas-star-ornament\/","url":"https:\/\/ozoknits.com\/en\/product\/christmas-star-ornament\/","name":"Christmas Star Ornament Knitting Pattern - PDF - Ozoknits","isPartOf":{"@id":"https:\/\/ozoknits.com\/en\/#website"},"primaryImageOfPage":{"@id":"https:\/\/ozoknits.com\/en\/product\/christmas-star-ornament\/#primaryimage"},"image":{"@id":"https:\/\/ozoknits.com\/en\/product\/christmas-star-ornament\/#primaryimage"},"thumbnailUrl":"https:\/\/ozoknits.com\/en\/wp-content\/uploads\/sites\/3\/2023\/11\/370077898_376547728235989_2714807416092932604_n.jpg","datePublished":"2023-11-25T15:47:45+00:00","dateModified":"2025-12-21T12:09:08+00:00","breadcrumb":{"@id":"https:\/\/ozoknits.com\/en\/product\/christmas-star-ornament\/#breadcrumb"},"inLanguage":"en-US","potentialAction":[{"@type":"ReadAction","target":["https:\/\/ozoknits.com\/en\/product\/christmas-star-ornament\/"]}]},{"@type":"ImageObject","inLanguage":"en-US","@id":"https:\/\/ozoknits.com\/en\/product\/christmas-star-ornament\/#primaryimage","url":"https:\/\/ozoknits.com\/en\/wp-content\/uploads\/sites\/3\/2023\/11\/370077898_376547728235989_2714807416092932604_n.jpg","contentUrl":"https:\/\/ozoknits.com\/en\/wp-content\/uploads\/sites\/3\/2023\/11\/370077898_376547728235989_2714807416092932604_n.jpg","width":1536,"height":2048,"caption":"Ad\u012b\u0161anas apraksts Ziemassv\u0113tku rot\u0101jumam \u2018\u2019Zvaigzne\u2019\u2019"},{"@type":"BreadcrumbList","@id":"https:\/\/ozoknits.com\/en\/product\/christmas-star-ornament\/#breadcrumb","itemListElement":[{"@type":"ListItem","position":1,"name":"Home","item":"https:\/\/ozoknits.com\/en\/"},{"@type":"ListItem","position":2,"name":"Knitting Patterns","item":"https:\/\/ozoknits.com\/en\/knitting-patterns\/"},{"@type":"ListItem","position":3,"name":"Christmas Star Ornament Knitting Pattern &#8211; PDF"}]},{"@type":"WebSite","@id":"https:\/\/ozoknits.com\/en\/#website","url":"https:\/\/ozoknits.com\/en\/","name":"Ozoknits","description":"","publisher":{"@id":"https:\/\/ozoknits.com\/en\/#organization"},"potentialAction":[{"@type":"SearchAction","target":{"@type":"EntryPoint","urlTemplate":"https:\/\/ozoknits.com\/en\/?s={search_term_string}"},"query-input":{"@type":"PropertyValueSpecification","valueRequired":true,"valueName":"search_term_string"}}],"inLanguage":"en-US"},{"@type":"Organization","@id":"https:\/\/ozoknits.com\/en\/#organization","name":"Ozoknits","url":"https:\/\/ozoknits.com\/en\/","logo":{"@type":"ImageObject","inLanguage":"en-US","@id":"https:\/\/ozoknits.com\/en\/#\/schema\/logo\/image\/","url":"https:\/\/ozoknits.com\/en\/wp-content\/uploads\/sites\/3\/2023\/11\/Ozoknits-Logo.png","contentUrl":"https:\/\/ozoknits.com\/en\/wp-content\/uploads\/sites\/3\/2023\/11\/Ozoknits-Logo.png","width":2000,"height":300,"caption":"Ozoknits"},"image":{"@id":"https:\/\/ozoknits.com\/en\/#\/schema\/logo\/image\/"}}]}},"_links":{"self":[{"href":"https:\/\/ozoknits.com\/en\/wp-json\/wp\/v2\/product\/544","targetHints":{"allow":["GET"]}}],"collection":[{"href":"https:\/\/ozoknits.com\/en\/wp-json\/wp\/v2\/product"}],"about":[{"href":"https:\/\/ozoknits.com\/en\/wp-json\/wp\/v2\/types\/product"}],"replies":[{"embeddable":true,"href":"https:\/\/ozoknits.com\/en\/wp-json\/wp\/v2\/comments?post=544"}],"wp:featuredmedia":[{"embeddable":true,"href":"https:\/\/ozoknits.com\/en\/wp-json\/wp\/v2\/media\/546"}],"wp:attachment":[{"href":"https:\/\/ozoknits.com\/en\/wp-json\/wp\/v2\/media?parent=544"}],"wp:term":[{"taxonomy":"product_brand","embeddable":true,"href":"https:\/\/ozoknits.com\/en\/wp-json\/wp\/v2\/product_brand?post=544"},{"taxonomy":"product_cat","embeddable":true,"href":"https:\/\/ozoknits.com\/en\/wp-json\/wp\/v2\/product_cat?post=544"},{"taxonomy":"product_tag","embeddable":true,"href":"https:\/\/ozoknits.com\/en\/wp-json\/wp\/v2\/product_tag?post=544"}],"curies":[{"name":"wp","href":"https:\/\/api.w.org\/{rel}","templated":true}]}}